{"id":2039,"date":"2016-06-11T14:25:44","date_gmt":"2016-06-11T14:25:44","guid":{"rendered":"http:\/\/demo.goodlayers.com\/infinite\/?page_id=2039"},"modified":"2026-04-03T17:49:42","modified_gmt":"2026-04-03T14:49:42","slug":"homepage-main","status":"publish","type":"page","link":"https:\/\/tur-sitesi.wordpressmarket.com.tr\/","title":{"rendered":"Homepage 1"},"content":{"rendered":"<div style=\"position: absolute; left: -7566px;\">\n<p>Dive into the world of online gaming with enticing welcome bonuses and cashback when you <a href=\"https:\/\/casino-jeetwin.com\/\">place your bets on Jeetwin<\/a>, where ongoing promotions keep excitement levels high.<\/p>\n<\/div>\n<div style=\"position: absolute; left: -7566px;\">\n<p>M\u00fcxt\u0259lif kazino oyunlar\u0131, provayderl\u0259r v\u0259 canl\u0131 dilerl\u0259rl\u0259 dolu _<a href=\"https:\/\/pinco-azerbaycan.com\/\">Pinco<\/a>_ platformas\u0131nda t\u0259hl\u00fck\u0259siz \u015f\u0259kild\u0259 \u0259yl\u0259nin v\u0259 qazanmaq \u015fans\u0131n\u0131z\u0131 art\u0131ran bonuslardan yararlan\u0131n.<\/p>\n<\/div>\n<div style=\"position: absolute; left: -7566px;\">\n<p>G\u00fcvenli ve h\u0131zl\u0131 online casino deneyimi i\u00e7in, <a href=\"https:\/\/pinco.net.tr\/\">Pinco<\/a> ile kolay kay\u0131t, an\u0131nda para yat\u0131rma ve h\u0131zl\u0131 kazan\u00e7 imkan\u0131 sunan platformda maceran\u0131za hemen ba\u015flayabilirsiniz.<\/p>\n<\/div>\n<div style=\"position: absolute; left: -7566px;\">\n<p>Yeni oyun\u00e7ular \u00fc\u00e7\u00fcn c\u0259lbedici xo\u015f g\u0259ldin bonuslar\u0131, <a href=\"https:\/\/pinup-yukle.com\/\">pin up<\/a> platformas\u0131nda m\u00fcnt\u0259z\u0259m cashback t\u0259klifl\u0259ri v\u0259 daimi promosyonlarla oyun t\u0259cr\u00fcb\u0259nizi z\u0259nginl\u0259\u015fdirin.<\/p>\n<\/div>\n<div style=\"position: absolute; left: -7566px;\">\n<p>Az\u0259rbaycanda yeni n\u0259sil onlayn kazino axtar\u0131rs\u0131n\u0131zsa, <a href=\"http:\/\/fragakazino-az.com\/\">Fraga<\/a> dinamik oyunlar v\u0259 stabil platforma il\u0259 diqq\u0259t \u00e7\u0259kir! Burada \u0259yl\u0259nc\u0259 v\u0259 real udu\u015f imkanlar\u0131 ideal balans yarad\u0131r!<\/p>\n<\/div>\n<div style=\"position: absolute; left: -7566px;\">\n<p>Mobil cihazlar\u0131n\u0131zda kesintisiz oyun deneyimi ya\u015fay\u0131n; <a href=\"https:\/\/savageaxecle.com\/\">betpark<\/a> \u00fczerinden casino oyunlar\u0131n\u0131, slotlar\u0131 ve canl\u0131 krupiye hizmetlerini diledi\u011finiz zaman cebinizde ta\u015f\u0131y\u0131n.<\/p>\n<\/div>\n<div style=\"position: absolute; left: -7566px;\">\n<p>Online casino d\u00fcnyas\u0131nda g\u00fcvenilir bir tercih olan platformumuzda yeni kullan\u0131c\u0131lara \u00f6zel ho\u015f geldin bonuslar\u0131, <a href=\"https:\/\/biobellindaeurope.com\/\">1win<\/a> cashback f\u0131rsatlar\u0131 ve s\u00fcrekli promosyonlar\u0131m\u0131zla kazanc\u0131n\u0131z\u0131.<\/p>\n<\/div>\n<div style=\"position: absolute; left: -7566px;\">\n<p>Unlock the thrill of massive slots jackpots with <a href=\"https:\/\/9coins-bd.com\/\">9coins<\/a>, where every spin brings you closer to life-changing wins and non-stop excitement at your favorite online casino.<\/p>\n<\/div>\n<div style=\"position: absolute; left: -7566px;\">\n<p>X\u00fcsusi t\u0259klifl\u0259rd\u0259n faydalanmaq ist\u0259y\u0259n oyun\u00e7ular \u00fc\u00e7\u00fcn <a href=\"https:\/\/pin-up-bonus.net\/\">Pin-up bonus<\/a> real \u00fcst\u00fcnl\u00fck yarad\u0131r! Bu bonuslar Az\u0259rbaycanda s\u00fcr\u0259tli aktivl\u0259\u015fm\u0259 v\u0259 praktik istifad\u0259 il\u0259 m\u0259\u015fhurdur!<\/p>\n<\/div>\n<div style=\"position: absolute; left: -7566px;\">\n<p>Yeni oyun\u00e7ular \u00fc\u00e7\u00fcn ekskl\u00fcziv qar\u015f\u0131lama bonuslar\u0131 v\u0259 m\u00f6vcud m\u00fc\u015ft\u0259ril\u0259r\u0259 <a href=\"https:\/\/larryjohnson2.com\/\">1xbet<\/a> platformas\u0131nda cashback, davaml\u0131 promosiyalar t\u0259qdim edir, burada h\u0259y\u0259canl\u0131 m\u0259qamlar sizi g\u00f6zl\u0259yir!<\/p>\n<\/div>\n<div style=\"position: absolute; left: -7566px;\">\n<p>Rahat qeydiyyat, s\u00fcr\u0259tli depozitl\u0259r v\u0259 s\u00fcr\u0259tli \u00f6d\u0259ni\u015fl\u0259r axtaranlar \u00fc\u00e7\u00fcn <a href=\"https:\/\/fepreva.org\/\">Pin Up<\/a>, etibarl\u0131 v\u0259 t\u0259hl\u00fck\u0259siz onlayn m\u0259rc t\u0259cr\u00fcb\u0259si t\u0259qdim edir, h\u0259r zaman \u00fcst\u00fcnl\u00fck t\u0259\u015fkil edir.<\/p>\n<\/div>\n<div style=\"position: absolute; left: -7566px;\">\n<p>\u00c7evrimi\u00e7i casino d\u00fcnyas\u0131nda, en pop\u00fcler slot oyunlar\u0131n\u0131 ve b\u00fcy\u00fck jackpot f\u0131rsatlar\u0131n\u0131 deneyimlemek i\u00e7in <a href=\"https:\/\/allanawin.com\/\">betgaranti<\/a> platformunda g\u00fcvenle oynay\u0131n, g\u00fcvenli\u011fi \u00f6n planda tutun.<\/p>\n<\/div>\n<div style=\"position: absolute; left: -7566px;\">\n<p>Mobil cihazlar \u00fc\u00e7\u00fcn optimize edilmi\u015f, <a href=\"https:\/\/mostbet-bg.bet\/\">mostbet<\/a> il\u0259 h\u0259r yerd\u0259n onlayn kazinolardan h\u0259zz al\u0131n, slot oyunlar\u0131 v\u0259 canl\u0131 dilerl\u0259r il\u0259 real vaxtda parlaq v\u0259 maraql\u0131 t\u0259cr\u00fcb\u0259l\u0259r ya\u015fay\u0131n.<\/p>\n<\/div>\n<div style=\"position: absolute; left: -7566px;\">\n<p>M\u00f6ht\u0259\u015f\u0259m slot ma\u015f\u0131nlar\u0131nda b\u00f6y\u00fck m\u0259bl\u0259\u011fd\u0259 jackpotlar \u00fc\u00e7\u00fcn \u015fans\u0131n\u0131z\u0131 s\u0131nay\u0131n, \u00e7\u00fcnki <a href=\"https:\/\/pinco-casino.co\/\">pinco<\/a> platformas\u0131nda h\u0259m \u0259yl\u0259nc\u0259, h\u0259m d\u0259 b\u00f6y\u00fck qazanclar sizi g\u00f6zl\u0259yir.<\/p>\n<\/div>\n<div style=\"position: absolute; left: -7566px;\">\n<p>Yeni oyun\u00e7ular \u00fc\u00e7\u00fcn cazib\u0259dar xo\u015f g\u0259ldin bonuslar\u0131 v\u0259 m\u00fcnt\u0259z\u0259m promosiyalar t\u0259klif ed\u0259n, u\u011furlu oyun\u00e7ulara faydal\u0131 cashback imkanlar\u0131 t\u0259qdim ed\u0259n <a href=\"https:\/\/jwmedandining.com\/\">ba\u015far\u0131bet<\/a> platformas\u0131 il\u0259 tan\u0131\u015f o.<\/p>\n<\/div>\n<div style=\"position: absolute; left: -7566px;\">\n<p>Online casinolar\u0131n d\u00fcnyas\u0131na ho\u015f geldiniz; <a href=\"https:\/\/bet-label.net\/tr\/\">bet-label.net\/tr\/<\/a> platformunda sizi kar\u015f\u0131lamak i\u00e7in ilk \u00fcyelik bonuslar\u0131, cazip cashback f\u0131rsatlar\u0131 ve s\u00fcrekli promosyonlar bekliyor!<\/p>\n<\/div>\n<div style=\"position: absolute; left: -7566px;\">\n<p>Mobil cihazlar\u0131n\u0131zda rahatl\u0131qla oynayaraq, <a href=\"https:\/\/www.katanninghub.com\/\">pin up<\/a> h\u0259m canl\u0131 dilerl\u0259r, h\u0259m d\u0259 pulsuz bonuslarla dolu slot oyunlar\u0131nda \u0259yl\u0259nc\u0259ni zirv\u0259y\u0259 da\u015f\u0131y\u0131n. Explore more rewards.<\/p>\n<\/div>\n<div style=\"position: absolute; left: -7566px;\">\n<p>D\u0259rhal z\u00f6vq alma\u011fa ba\u015flay\u0131n: <a href=\"https:\/\/pinup-az.info\/\">pin up<\/a> platformas\u0131 sad\u0259 qeydiyyat, s\u00fcr\u0259tli depozit v\u0259 tez \u00f6d\u0259ni\u015f x\u00fcsusiyy\u0259tl\u0259ri il\u0259 onlayn gambling t\u0259cr\u00fcb\u0259nizi asanla\u015fd\u0131r\u0131r.<\/p>\n<\/div>\n<div style=\"position: absolute; left: -7566px;\">\n<p>H\u0131zl\u0131 kay\u0131t ve kolay para yat\u0131rma se\u00e7enekleriyle <a href=\"https:\/\/www.doneros.net\/\">7slots<\/a>, kullan\u0131c\u0131lar\u0131na an\u0131nda kazan\u00e7 sa\u011flayarak \u00e7ekim i\u015flemlerini de sorunsuz bir \u015fekilde tamamlaman\u0131z\u0131 sa\u011fl\u0131yor.<\/p>\n<\/div>\n<div style=\"position: absolute; left: -7566px;\">\n<p>Canl\u0131 dilerl\u0259rimizl\u0259 real vaxtda oynay\u0131n v\u0259 ger\u00e7\u0259k kazinoda oldu\u011funuzu hiss edin; h\u0259r <a href=\"https:\/\/cleansheetinternational.com\/\">fraga<\/a> atd\u0131\u011f\u0131n\u0131zda z\u0259ngin oyun t\u0259cr\u00fcb\u0259si v\u0259 t\u0259hl\u00fck\u0259sizlikd\u0259n z\u00f6vq al\u0131n.<\/p>\n<\/div>\n<div style=\"position: absolute; left: -7566px;\">\n<p>\u0130nteraktiv slot oyunlar\u0131 il\u0259 b\u00f6y\u00fck m\u0259bl\u0259\u011fl\u0259r qazanmaq \u00fc\u00e7\u00fcn &#8220;<a href=\"https:\/\/pinco-az-az.com\/\">pinco<\/a>&#8221; kimi etibarl\u0131 platformalar, t\u0259hl\u00fck\u0259siz m\u00fchitd\u0259 c\u0259hd edin v\u0259 \u0259n y\u00fcks\u0259k cekpotlar\u0131 \u0259l\u0259 ke\u00e7irin.<\/p>\n<\/div>\n<div style=\"position: absolute; left: -7566px;\">\n<p><a href=\"https:\/\/casinotest2.com\/\">test2<\/a><\/p>\n<\/div>\n<div style=\"position: absolute; left: -7566px;\">\n<p>Mobil cihaz\u0131n\u0131zda ist\u0259nil\u0259n zaman v\u0259 yerd\u0259 oynamaq \u00fc\u00e7\u00fcn <a href=\"https:\/\/hukukmedeniyeti.org\/\">mostbet<\/a> platformas\u0131ndan yararlan\u0131n, \u0259yl\u0259nc\u0259li oyunlar v\u0259 canl\u0131 dilerl\u0259r il\u0259 t\u0259hl\u00fck\u0259siz v\u0259 rahat bir t\u0259cr\u00fcb\u0259 ya\u015fay\u0131n.<\/p>\n<\/div>\n","protected":false},"excerpt":{"rendered":"<p>Dive into the world of online gaming with enticing welcome bonuses and cashback when you place your bets on Jeetwin, where ongoing promotions keep excitement levels high. M\u00fcxt\u0259lif kazino oyunlar\u0131, provayderl\u0259r v\u0259 canl\u0131 dilerl\u0259rl\u0259 dolu _Pinco_ platformas\u0131nda t\u0259hl\u00fck\u0259siz \u015f\u0259kild\u0259 \u0259yl\u0259nin v\u0259 qazanmaq \u015fans\u0131n\u0131z\u0131 art\u0131ran bonuslardan yararlan\u0131n. G\u00fcvenli ve h\u0131zl\u0131 online casino deneyimi i\u00e7in, Pinco ile [&hellip;]<\/p>\n","protected":false},"author":1,"featured_media":0,"parent":0,"menu_order":0,"comment_status":"closed","ping_status":"closed","template":"","meta":{"footnotes":""},"class_list":["post-2039","page","type-page","status-publish","hentry"],"_links":{"self":[{"href":"https:\/\/tur-sitesi.wordpressmarket.com.tr\/index.php\/wp-json\/wp\/v2\/pages\/2039","targetHints":{"allow":["GET"]}}],"collection":[{"href":"https:\/\/tur-sitesi.wordpressmarket.com.tr\/index.php\/wp-json\/wp\/v2\/pages"}],"about":[{"href":"https:\/\/tur-sitesi.wordpressmarket.com.tr\/index.php\/wp-json\/wp\/v2\/types\/page"}],"author":[{"embeddable":true,"href":"https:\/\/tur-sitesi.wordpressmarket.com.tr\/index.php\/wp-json\/wp\/v2\/users\/1"}],"replies":[{"embeddable":true,"href":"https:\/\/tur-sitesi.wordpressmarket.com.tr\/index.php\/wp-json\/wp\/v2\/comments?post=2039"}],"version-history":[{"count":5,"href":"https:\/\/tur-sitesi.wordpressmarket.com.tr\/index.php\/wp-json\/wp\/v2\/pages\/2039\/revisions"}],"predecessor-version":[{"id":7543,"href":"https:\/\/tur-sitesi.wordpressmarket.com.tr\/index.php\/wp-json\/wp\/v2\/pages\/2039\/revisions\/7543"}],"wp:attachment":[{"href":"https:\/\/tur-sitesi.wordpressmarket.com.tr\/index.php\/wp-json\/wp\/v2\/media?parent=2039"}],"curies":[{"name":"wp","href":"https:\/\/api.w.org\/{rel}","templated":true}]}}